{"id":117,"date":"2014-01-25T18:35:01","date_gmt":"2014-01-25T17:35:01","guid":{"rendered":"http:\/\/www.carlderoux.be\/?page_id=117"},"modified":"2025-07-03T21:47:01","modified_gmt":"2025-07-03T20:47:01","slug":"accueil","status":"publish","type":"page","link":"https:\/\/www.carlderoux.be\/","title":{"rendered":"Accueil"},"content":{"rendered":"<p><a href=\"http:\/\/www.carlderoux.be\/wp-content\/uploads\/2014\/02\/PH_BIO_CD.jpg\"><img loading=\"lazy\" decoding=\"async\" class=\"size-medium wp-image-209 aligncenter\" src=\"http:\/\/www.carlderoux.be\/wp-content\/uploads\/2014\/02\/PH_BIO_CD-206x300.jpg\" alt=\"PH_BIO_CD\" width=\"206\" height=\"300\" srcset=\"https:\/\/www.carlderoux.be\/wp-content\/uploads\/2014\/02\/PH_BIO_CD-206x300.jpg 206w, https:\/\/www.carlderoux.be\/wp-content\/uploads\/2014\/02\/PH_BIO_CD.jpg 310w\" sizes=\"auto, (max-width: 206px) 100vw, 206px\" \/><\/a><\/p>\n<p>&nbsp;<\/p>\n<p><strong>Prof. Dr Carl DEROUX<\/strong><\/p>\n<ul>\n<li>Docteur en philologie classique<\/li>\n<li>Prof. ord. hon. de l&rsquo;Universit\u00e9 libre de Bruxelles<\/li>\n<li>Docteur honoris causa de l&rsquo;Universit\u00e9 de Nancy<\/li>\n<li>Pr\u00e9sident hon. de la Soci\u00e9t\u00e9 d&rsquo;\u00e9tudes latines de Bruxelles<\/li>\n<li>Directeur hon. et r\u00e9dacteur en chef hon. des Editions <a href=\"http:\/\/www.latomus.be\" target=\"_blank\" rel=\"noopener\">Latomus<\/a><\/li>\n<li>Orator Latinus Vniuersitatis Liberae Bruxellensis<\/li>\n<\/ul>\n<p>&nbsp;<\/p>\n<p><strong>Adresses :<\/strong><\/p>\n<p><span style=\"text-decoration: underline;\">priv\u00e9e<\/span> :<\/p>\n<p style=\"padding-left: 30px;\">Boulevard de la Cambre 1(b.2)<br \/>\nB. 1050 Bruxelles<\/p>\n<p style=\"padding-left: 30px;\"><a title=\"Cliquer sur le lien pour m'\u00e9crire\" href=\"mailto:cderoux@skynet.be\" target=\"_blank\" rel=\"noopener\">cderoux@skynet.be<\/a><\/p>\n<p><span style=\"text-decoration: underline;\">professionnelle<\/span> :<\/p>\n<p style=\"padding-left: 30px;\">Universit\u00e9 libre de Bruxelles<br \/>\nFacult\u00e9 de Philosophie et Lettres,<br \/>\n50 av. F. Roosevelt, CP175<br \/>\nB. 1050 Bruxelles<\/p>\n<p style=\"padding-left: 30px;\">\n<p>&nbsp;<\/p>\n","protected":false},"excerpt":{"rendered":"<p>&nbsp; Prof. Dr Carl DEROUX Docteur en philologie classique Prof. ord. hon. de l&rsquo;Universit\u00e9 libre de Bruxelles Docteur honoris causa de l&rsquo;Universit\u00e9 de Nancy Pr\u00e9sident hon. de la Soci\u00e9t\u00e9 d&rsquo;\u00e9tudes latines de Bruxelles Directeur hon. et r\u00e9dacteur en chef hon. des Editions Latomus Orator Latinus Vniuersitatis Liberae Bruxellensis &nbsp; Adresses : priv\u00e9e : Boulevard de&hellip;<\/p>\n","protected":false},"author":1,"featured_media":0,"parent":0,"menu_order":0,"comment_status":"closed","ping_status":"closed","template":"","meta":{"footnotes":""},"class_list":["post-117","page","type-page","status-publish","hentry"],"_links":{"self":[{"href":"https:\/\/www.carlderoux.be\/index.php?rest_route=\/wp\/v2\/pages\/117","targetHints":{"allow":["GET"]}}],"collection":[{"href":"https:\/\/www.carlderoux.be\/index.php?rest_route=\/wp\/v2\/pages"}],"about":[{"href":"https:\/\/www.carlderoux.be\/index.php?rest_route=\/wp\/v2\/types\/page"}],"author":[{"embeddable":true,"href":"https:\/\/www.carlderoux.be\/index.php?rest_route=\/wp\/v2\/users\/1"}],"replies":[{"embeddable":true,"href":"https:\/\/www.carlderoux.be\/index.php?rest_route=%2Fwp%2Fv2%2Fcomments&post=117"}],"version-history":[{"count":13,"href":"https:\/\/www.carlderoux.be\/index.php?rest_route=\/wp\/v2\/pages\/117\/revisions"}],"predecessor-version":[{"id":325,"href":"https:\/\/www.carlderoux.be\/index.php?rest_route=\/wp\/v2\/pages\/117\/revisions\/325"}],"wp:attachment":[{"href":"https:\/\/www.carlderoux.be\/index.php?rest_route=%2Fwp%2Fv2%2Fmedia&parent=117"}],"curies":[{"name":"wp","href":"https:\/\/api.w.org\/{rel}","templated":true}]}}