{"id":7,"date":"2011-02-20T15:47:59","date_gmt":"2011-02-20T15:47:59","guid":{"rendered":"http:\/\/carlderoux.wordpress.com\/?page_id=7"},"modified":"2014-02-01T18:09:09","modified_gmt":"2014-02-01T17:09:09","slug":"publications","status":"publish","type":"page","link":"https:\/\/www.carlderoux.be\/?page_id=7","title":{"rendered":"Hommages \u00e0 C.D."},"content":{"rendered":"<p><a href=\"http:\/\/www.carlderoux.be\/wp-content\/uploads\/2014\/02\/H1_poesie.pdf\" target=\"_blank\">&gt; 01 : Po\u00e9sie<\/a><\/p>\n<p><a href=\"http:\/\/www.carlderoux.be\/wp-content\/uploads\/2014\/02\/H2_prose-et-linguistique.pdf\" target=\"_blank\">&gt; 02 : Prose et linguistique, M\u00e9decine<\/a><\/p>\n<p><a href=\"http:\/\/www.carlderoux.be\/wp-content\/uploads\/2014\/02\/H3_histoire-et-epigraphie.pdf\" target=\"_blank\">&gt; 03 : Histoire et \u00e9pigraphie, Droit<\/a><\/p>\n<p><a href=\"http:\/\/www.carlderoux.be\/wp-content\/uploads\/2014\/02\/H4_archeologie-et-Histoire.pdf\" target=\"_blank\">&gt; 04 : Arch\u00e9ologie et Histoire de l&rsquo;Art, Religion<\/a><\/p>\n<p><a href=\"http:\/\/www.carlderoux.be\/wp-content\/uploads\/2014\/02\/H5_christianisme-et-Moyen-age.pdf\" target=\"_blank\">&gt; 05 : Christianisme et Moyen Age, N\u00e9o-latin et survivance de la latinit\u00e9<\/a><\/p>\n","protected":false},"excerpt":{"rendered":"<p>&gt; 01 : Po\u00e9sie &gt; 02 : Prose et linguistique, M\u00e9decine &gt; 03 : Histoire et \u00e9pigraphie, Droit &gt; 04 : Arch\u00e9ologie et Histoire de l&rsquo;Art, Religion &gt; 05 : Christianisme et Moyen Age, N\u00e9o-latin et survivance de la latinit\u00e9<\/p>\n","protected":false},"author":1,"featured_media":0,"parent":0,"menu_order":4,"comment_status":"closed","ping_status":"closed","template":"","meta":{"footnotes":""},"class_list":["post-7","page","type-page","status-publish","hentry"],"_links":{"self":[{"href":"https:\/\/www.carlderoux.be\/index.php?rest_route=\/wp\/v2\/pages\/7","targetHints":{"allow":["GET"]}}],"collection":[{"href":"https:\/\/www.carlderoux.be\/index.php?rest_route=\/wp\/v2\/pages"}],"about":[{"href":"https:\/\/www.carlderoux.be\/index.php?rest_route=\/wp\/v2\/types\/page"}],"author":[{"embeddable":true,"href":"https:\/\/www.carlderoux.be\/index.php?rest_route=\/wp\/v2\/users\/1"}],"replies":[{"embeddable":true,"href":"https:\/\/www.carlderoux.be\/index.php?rest_route=%2Fwp%2Fv2%2Fcomments&post=7"}],"version-history":[{"count":21,"href":"https:\/\/www.carlderoux.be\/index.php?rest_route=\/wp\/v2\/pages\/7\/revisions"}],"predecessor-version":[{"id":263,"href":"https:\/\/www.carlderoux.be\/index.php?rest_route=\/wp\/v2\/pages\/7\/revisions\/263"}],"wp:attachment":[{"href":"https:\/\/www.carlderoux.be\/index.php?rest_route=%2Fwp%2Fv2%2Fmedia&parent=7"}],"curies":[{"name":"wp","href":"https:\/\/api.w.org\/{rel}","templated":true}]}}